{"id":2,"date":"2021-10-24T09:57:30","date_gmt":"2021-10-24T09:57:30","guid":{"rendered":"http:\/\/new.ergo-safe.de\/?page_id=2"},"modified":"2023-12-31T13:53:38","modified_gmt":"2023-12-31T13:53:38","slug":"dateneinstellungen","status":"publish","type":"page","link":"https:\/\/ergo-safe.de\/de\/dateneinstellungen\/","title":{"rendered":"Dateneinstellungen"},"content":{"rendered":"\t\t<div data-elementor-type=\"wp-page\" data-elementor-id=\"2\" class=\"elementor elementor-2\" data-elementor-post-type=\"page\">\n\t\t\t\t\t\t<section class=\"elementor-section elementor-top-section elementor-element elementor-element-3c48766 elementor-section-boxed elementor-section-height-default elementor-section-height-default\" data-id=\"3c48766\" data-element_type=\"section\" data-settings=\"{&quot;background_background&quot;:&quot;classic&quot;}\">\n\t\t\t\t\t\t<div class=\"elementor-container elementor-column-gap-default\">\n\t\t\t\t\t<div class=\"elementor-column elementor-col-100 elementor-top-column elementor-element elementor-element-6dfcd13\" data-id=\"6dfcd13\" data-element_type=\"column\" data-settings=\"{&quot;background_background&quot;:&quot;classic&quot;}\">\n\t\t\t<div class=\"elementor-widget-wrap elementor-element-populated\">\n\t\t\t\t\t\t<div class=\"elementor-element elementor-element-27509ca elementor-widget elementor-widget-spacer\" data-id=\"27509ca\" data-element_type=\"widget\" data-widget_type=\"spacer.default\">\n\t\t\t\t<div class=\"elementor-widget-container\">\n\t\t\t<style>\/*! elementor - v3.22.0 - 16-06-2024 *\/\n.elementor-column .elementor-spacer-inner{height:var(--spacer-size)}.e-con{--container-widget-width:100%}.e-con-inner>.elementor-widget-spacer,.e-con>.elementor-widget-spacer{width:var(--container-widget-width,var(--spacer-size));--align-self:var(--container-widget-align-self,initial);--flex-shrink:0}.e-con-inner>.elementor-widget-spacer>.elementor-widget-container,.e-con>.elementor-widget-spacer>.elementor-widget-container{height:100%;width:100%}.e-con-inner>.elementor-widget-spacer>.elementor-widget-container>.elementor-spacer,.e-con>.elementor-widget-spacer>.elementor-widget-container>.elementor-spacer{height:100%}.e-con-inner>.elementor-widget-spacer>.elementor-widget-container>.elementor-spacer>.elementor-spacer-inner,.e-con>.elementor-widget-spacer>.elementor-widget-container>.elementor-spacer>.elementor-spacer-inner{height:var(--container-widget-height,var(--spacer-size))}.e-con-inner>.elementor-widget-spacer.elementor-widget-empty,.e-con>.elementor-widget-spacer.elementor-widget-empty{position:relative;min-height:22px;min-width:22px}.e-con-inner>.elementor-widget-spacer.elementor-widget-empty .elementor-widget-empty-icon,.e-con>.elementor-widget-spacer.elementor-widget-empty .elementor-widget-empty-icon{position:absolute;top:0;bottom:0;left:0;right:0;margin:auto;padding:0;width:22px;height:22px}<\/style>\t\t<div class=\"elementor-spacer\">\n\t\t\t<div class=\"elementor-spacer-inner\"><\/div>\n\t\t<\/div>\n\t\t\t\t<\/div>\n\t\t\t\t<\/div>\n\t\t\t\t<section class=\"elementor-section elementor-inner-section elementor-element elementor-element-75148ee elementor-section-boxed elementor-section-height-default elementor-section-height-default\" data-id=\"75148ee\" data-element_type=\"section\">\n\t\t\t\t\t\t<div class=\"elementor-container elementor-column-gap-default\">\n\t\t\t\t\t<div class=\"elementor-column elementor-col-50 elementor-inner-column elementor-element elementor-element-e7a7ac1\" data-id=\"e7a7ac1\" data-element_type=\"column\">\n\t\t\t<div class=\"elementor-widget-wrap\">\n\t\t\t\t\t\t\t<\/div>\n\t\t<\/div>\n\t\t\t\t<div class=\"elementor-column elementor-col-50 elementor-inner-column elementor-element elementor-element-1f68b55\" data-id=\"1f68b55\" data-element_type=\"column\">\n\t\t\t<div class=\"elementor-widget-wrap elementor-element-populated\">\n\t\t\t\t\t\t<div class=\"elementor-element elementor-element-c8bfbd5 elementor-widget elementor-widget-heading\" data-id=\"c8bfbd5\" data-element_type=\"widget\" data-widget_type=\"heading.default\">\n\t\t\t\t<div class=\"elementor-widget-container\">\n\t\t\t<style>\/*! elementor - v3.22.0 - 16-06-2024 *\/\n.elementor-heading-title{padding:0;margin:0;line-height:1}.elementor-widget-heading .elementor-heading-title[class*=elementor-size-]>a{color:inherit;font-size:inherit;line-height:inherit}.elementor-widget-heading .elementor-heading-title.elementor-size-small{font-size:15px}.elementor-widget-heading .elementor-heading-title.elementor-size-medium{font-size:19px}.elementor-widget-heading .elementor-heading-title.elementor-size-large{font-size:29px}.elementor-widget-heading .elementor-heading-title.elementor-size-xl{font-size:39px}.elementor-widget-heading .elementor-heading-title.elementor-size-xxl{font-size:59px}<\/style><h2 class=\"elementor-heading-title elementor-size-default\">Wir verwenden Cookies<\/h2>\t\t<\/div>\n\t\t\t\t<\/div>\n\t\t\t\t<div class=\"elementor-element elementor-element-521c0fb elementor-widget elementor-widget-text-editor\" data-id=\"521c0fb\" data-element_type=\"widget\" data-widget_type=\"text-editor.default\">\n\t\t\t\t<div class=\"elementor-widget-container\">\n\t\t\t<style>\/*! elementor - v3.22.0 - 16-06-2024 *\/\n.elementor-widget-text-editor.elementor-drop-cap-view-stacked .elementor-drop-cap{background-color:#69727d;color:#fff}.elementor-widget-text-editor.elementor-drop-cap-view-framed .elementor-drop-cap{color:#69727d;border:3px solid;background-color:transparent}.elementor-widget-text-editor:not(.elementor-drop-cap-view-default) .elementor-drop-cap{margin-top:8px}.elementor-widget-text-editor:not(.elementor-drop-cap-view-default) .elementor-drop-cap-letter{width:1em;height:1em}.elementor-widget-text-editor .elementor-drop-cap{float:left;text-align:center;line-height:1;font-size:50px}.elementor-widget-text-editor .elementor-drop-cap-letter{display:inline-block}<\/style>\t\t\t\t<p>Wir verwenden Cookies, um die Benutzerfreundlichkeit unserer Website zu verbessern und sicherzustellen, dass Sie die bestm\u00f6gliche Erfahrung auf unserer Website machen. Cookies erm\u00f6glichen es uns, Ihnen Kernfunktionalit\u00e4ten wie Sicherheit, Netzwerkmanagement bereitzustellen und die Verf\u00fcgbarkeit unserer Websites sicherzustellen. Cookies verbessern gleichzeitig die Benutzerfreundlichkeit und die Leistungen unserer Websites durch verschiedene Funktionen wie Spracherkennung, Suchergebnisse und verbessern damit unser Angebot f\u00fcr Sie.<\/p><p>Wenn Sie mehr \u00fcber die von uns verwendeten Cookies und deren Verwaltung erfahren m\u00f6chten, k\u00f6nnen Sie auf unsere Cookie-Richtlinie zugreifen oder \u00fcber die Schaltfl\u00e4che [Einstellungen] eigenen Einstellungen zur Cookie-Nutzung treffen.<\/p>\t\t\t\t\t\t<\/div>\n\t\t\t\t<\/div>\n\t\t\t\t<div class=\"elementor-element elementor-element-6d56412 elementor-widget elementor-widget-shortcode\" data-id=\"6d56412\" data-element_type=\"widget\" data-widget_type=\"shortcode.default\">\n\t\t\t\t<div class=\"elementor-widget-container\">\n\t\t\t\t\t<div class=\"elementor-shortcode\"><a role='button' tabindex='0' class=\"medium cli-plugin-button cli-plugin-main-button cli_settings_button\">Einstellungen<\/a>\n\n<a href=\"https:\/\/ergo-safe.de\/de\/privacy-policy\/\" id=\"CONSTANT_OPEN_URL\" target=\"_blank\"  class=\"medium cli-plugin-button cli-plugin-main-link\" style=\"display:inline-block;\" >weitere Informationen<\/a><\/div>\n\t\t\t\t<\/div>\n\t\t\t\t<\/div>\n\t\t\t\t\t<\/div>\n\t\t<\/div>\n\t\t\t\t\t<\/div>\n\t\t<\/section>\n\t\t\t\t<div class=\"elementor-element elementor-element-0d529dd elementor-widget elementor-widget-spacer\" data-id=\"0d529dd\" data-element_type=\"widget\" data-widget_type=\"spacer.default\">\n\t\t\t\t<div class=\"elementor-widget-container\">\n\t\t\t\t\t<div class=\"elementor-spacer\">\n\t\t\t<div class=\"elementor-spacer-inner\"><\/div>\n\t\t<\/div>\n\t\t\t\t<\/div>\n\t\t\t\t<\/div>\n\t\t\t\t\t<\/div>\n\t\t<\/div>\n\t\t\t\t\t<\/div>\n\t\t<\/section>\n\t\t\t\t<\/div>\n\t\t","protected":false},"excerpt":{"rendered":"<p>Wir verwenden Cookies Wir verwenden Cookies, um die Benutzerfreundlichkeit unserer Website zu verbessern und sicherzustellen, dass Sie die bestm\u00f6gliche Erfahrung auf unserer Website machen. Cookies erm\u00f6glichen es uns, Ihnen Kernfunktionalit\u00e4ten wie Sicherheit, Netzwerkmanagement bereitzustellen und die Verf\u00fcgbarkeit unserer Websites sicherzustellen. Cookies verbessern gleichzeitig die Benutzerfreundlichkeit und die Leistungen unserer Websites durch verschiedene Funktionen wie Spracherkennung, [&hellip;]<\/p>\n","protected":false},"author":1,"featured_media":0,"parent":0,"menu_order":0,"comment_status":"closed","ping_status":"open","template":"elementor_header_footer","meta":{"footnotes":""},"class_list":["post-2","page","type-page","status-publish","hentry"],"yoast_head":"<!-- This site is optimized with the Yoast SEO plugin v22.8 - https:\/\/yoast.com\/wordpress\/plugins\/seo\/ -->\n<title>Dateneinstellungen - ergo-safe<\/title>\n<meta name=\"robots\" content=\"index, follow, max-snippet:-1, max-image-preview:large, max-video-preview:-1\" \/>\n<link rel=\"canonical\" href=\"https:\/\/ergo-safe.de\/de\/dateneinstellungen\/\" \/>\n<meta property=\"og:locale\" content=\"de_DE\" \/>\n<meta property=\"og:type\" content=\"article\" \/>\n<meta property=\"og:title\" content=\"Dateneinstellungen - ergo-safe\" \/>\n<meta property=\"og:description\" content=\"Wir verwenden Cookies Wir verwenden Cookies, um die Benutzerfreundlichkeit unserer Website zu verbessern und sicherzustellen, dass Sie die bestm\u00f6gliche Erfahrung auf unserer Website machen. Cookies erm\u00f6glichen es uns, Ihnen Kernfunktionalit\u00e4ten wie Sicherheit, Netzwerkmanagement bereitzustellen und die Verf\u00fcgbarkeit unserer Websites sicherzustellen. Cookies verbessern gleichzeitig die Benutzerfreundlichkeit und die Leistungen unserer Websites durch verschiedene Funktionen wie Spracherkennung, [&hellip;]\" \/>\n<meta property=\"og:url\" content=\"https:\/\/ergo-safe.de\/de\/dateneinstellungen\/\" \/>\n<meta property=\"og:site_name\" content=\"ergo-safe\" \/>\n<meta property=\"article:modified_time\" content=\"2023-12-31T13:53:38+00:00\" \/>\n<meta name=\"twitter:card\" content=\"summary_large_image\" \/>\n<meta name=\"twitter:label1\" content=\"Gesch\u00e4tzte Lesezeit\" \/>\n\t<meta name=\"twitter:data1\" content=\"1\u00a0Minute\" \/>\n<script type=\"application\/ld+json\" class=\"yoast-schema-graph\">{\"@context\":\"https:\/\/schema.org\",\"@graph\":[{\"@type\":\"WebPage\",\"@id\":\"https:\/\/ergo-safe.de\/dateneinstellungen\/\",\"url\":\"https:\/\/ergo-safe.de\/dateneinstellungen\/\",\"name\":\"Dateneinstellungen - ergo-safe\",\"isPartOf\":{\"@id\":\"http:\/\/ergo-safe.de\/de\/#website\"},\"datePublished\":\"2021-10-24T09:57:30+00:00\",\"dateModified\":\"2023-12-31T13:53:38+00:00\",\"breadcrumb\":{\"@id\":\"https:\/\/ergo-safe.de\/dateneinstellungen\/#breadcrumb\"},\"inLanguage\":\"de\",\"potentialAction\":[{\"@type\":\"ReadAction\",\"target\":[\"https:\/\/ergo-safe.de\/dateneinstellungen\/\"]}]},{\"@type\":\"BreadcrumbList\",\"@id\":\"https:\/\/ergo-safe.de\/dateneinstellungen\/#breadcrumb\",\"itemListElement\":[{\"@type\":\"ListItem\",\"position\":1,\"name\":\"Startseite\",\"item\":\"https:\/\/ergo-safe.de\/de\/\"},{\"@type\":\"ListItem\",\"position\":2,\"name\":\"Dateneinstellungen\"}]},{\"@type\":\"WebSite\",\"@id\":\"http:\/\/ergo-safe.de\/de\/#website\",\"url\":\"http:\/\/ergo-safe.de\/de\/\",\"name\":\"ergo-safe\",\"description\":\"SICHER SICHERE MASCHINEN BAUEN\",\"publisher\":{\"@id\":\"http:\/\/ergo-safe.de\/de\/#organization\"},\"potentialAction\":[{\"@type\":\"SearchAction\",\"target\":{\"@type\":\"EntryPoint\",\"urlTemplate\":\"http:\/\/ergo-safe.de\/de\/?s={search_term_string}\"},\"query-input\":\"required name=search_term_string\"}],\"inLanguage\":\"de\"},{\"@type\":\"Organization\",\"@id\":\"http:\/\/ergo-safe.de\/de\/#organization\",\"name\":\"ergo-safe\",\"url\":\"http:\/\/ergo-safe.de\/de\/\",\"logo\":{\"@type\":\"ImageObject\",\"inLanguage\":\"de\",\"@id\":\"http:\/\/ergo-safe.de\/de\/#\/schema\/logo\/image\/\",\"url\":\"https:\/\/ergo-safe.de\/wp-content\/uploads\/2021\/10\/cropped-logo.png\",\"contentUrl\":\"https:\/\/ergo-safe.de\/wp-content\/uploads\/2021\/10\/cropped-logo.png\",\"width\":419,\"height\":322,\"caption\":\"ergo-safe\"},\"image\":{\"@id\":\"http:\/\/ergo-safe.de\/de\/#\/schema\/logo\/image\/\"}}]}<\/script>\n<!-- \/ Yoast SEO plugin. -->","yoast_head_json":{"title":"Dateneinstellungen - ergo-safe","robots":{"index":"index","follow":"follow","max-snippet":"max-snippet:-1","max-image-preview":"max-image-preview:large","max-video-preview":"max-video-preview:-1"},"canonical":"https:\/\/ergo-safe.de\/de\/dateneinstellungen\/","og_locale":"de_DE","og_type":"article","og_title":"Dateneinstellungen - ergo-safe","og_description":"Wir verwenden Cookies Wir verwenden Cookies, um die Benutzerfreundlichkeit unserer Website zu verbessern und sicherzustellen, dass Sie die bestm\u00f6gliche Erfahrung auf unserer Website machen. Cookies erm\u00f6glichen es uns, Ihnen Kernfunktionalit\u00e4ten wie Sicherheit, Netzwerkmanagement bereitzustellen und die Verf\u00fcgbarkeit unserer Websites sicherzustellen. Cookies verbessern gleichzeitig die Benutzerfreundlichkeit und die Leistungen unserer Websites durch verschiedene Funktionen wie Spracherkennung, [&hellip;]","og_url":"https:\/\/ergo-safe.de\/de\/dateneinstellungen\/","og_site_name":"ergo-safe","article_modified_time":"2023-12-31T13:53:38+00:00","twitter_card":"summary_large_image","twitter_misc":{"Gesch\u00e4tzte Lesezeit":"1\u00a0Minute"},"schema":{"@context":"https:\/\/schema.org","@graph":[{"@type":"WebPage","@id":"https:\/\/ergo-safe.de\/dateneinstellungen\/","url":"https:\/\/ergo-safe.de\/dateneinstellungen\/","name":"Dateneinstellungen - ergo-safe","isPartOf":{"@id":"http:\/\/ergo-safe.de\/de\/#website"},"datePublished":"2021-10-24T09:57:30+00:00","dateModified":"2023-12-31T13:53:38+00:00","breadcrumb":{"@id":"https:\/\/ergo-safe.de\/dateneinstellungen\/#breadcrumb"},"inLanguage":"de","potentialAction":[{"@type":"ReadAction","target":["https:\/\/ergo-safe.de\/dateneinstellungen\/"]}]},{"@type":"BreadcrumbList","@id":"https:\/\/ergo-safe.de\/dateneinstellungen\/#breadcrumb","itemListElement":[{"@type":"ListItem","position":1,"name":"Startseite","item":"https:\/\/ergo-safe.de\/de\/"},{"@type":"ListItem","position":2,"name":"Dateneinstellungen"}]},{"@type":"WebSite","@id":"http:\/\/ergo-safe.de\/de\/#website","url":"http:\/\/ergo-safe.de\/de\/","name":"ergo-safe","description":"SICHER SICHERE MASCHINEN BAUEN","publisher":{"@id":"http:\/\/ergo-safe.de\/de\/#organization"},"potentialAction":[{"@type":"SearchAction","target":{"@type":"EntryPoint","urlTemplate":"http:\/\/ergo-safe.de\/de\/?s={search_term_string}"},"query-input":"required name=search_term_string"}],"inLanguage":"de"},{"@type":"Organization","@id":"http:\/\/ergo-safe.de\/de\/#organization","name":"ergo-safe","url":"http:\/\/ergo-safe.de\/de\/","logo":{"@type":"ImageObject","inLanguage":"de","@id":"http:\/\/ergo-safe.de\/de\/#\/schema\/logo\/image\/","url":"https:\/\/ergo-safe.de\/wp-content\/uploads\/2021\/10\/cropped-logo.png","contentUrl":"https:\/\/ergo-safe.de\/wp-content\/uploads\/2021\/10\/cropped-logo.png","width":419,"height":322,"caption":"ergo-safe"},"image":{"@id":"http:\/\/ergo-safe.de\/de\/#\/schema\/logo\/image\/"}}]}},"_links":{"self":[{"href":"https:\/\/ergo-safe.de\/de\/wp-json\/wp\/v2\/pages\/2","targetHints":{"allow":["GET"]}}],"collection":[{"href":"https:\/\/ergo-safe.de\/de\/wp-json\/wp\/v2\/pages"}],"about":[{"href":"https:\/\/ergo-safe.de\/de\/wp-json\/wp\/v2\/types\/page"}],"author":[{"embeddable":true,"href":"https:\/\/ergo-safe.de\/de\/wp-json\/wp\/v2\/users\/1"}],"replies":[{"embeddable":true,"href":"https:\/\/ergo-safe.de\/de\/wp-json\/wp\/v2\/comments?post=2"}],"version-history":[{"count":20,"href":"https:\/\/ergo-safe.de\/de\/wp-json\/wp\/v2\/pages\/2\/revisions"}],"predecessor-version":[{"id":1762,"href":"https:\/\/ergo-safe.de\/de\/wp-json\/wp\/v2\/pages\/2\/revisions\/1762"}],"wp:attachment":[{"href":"https:\/\/ergo-safe.de\/de\/wp-json\/wp\/v2\/media?parent=2"}],"curies":[{"name":"wp","href":"https:\/\/api.w.org\/{rel}","templated":true}]}}