{"id":922,"date":"2021-11-10T20:47:15","date_gmt":"2021-11-10T20:47:15","guid":{"rendered":"https:\/\/new.ergo-safe.de\/?page_id=922"},"modified":"2023-03-24T06:37:36","modified_gmt":"2023-03-24T06:37:36","slug":"impressum","status":"publish","type":"page","link":"https:\/\/ergo-safe.de\/de\/impressum\/","title":{"rendered":"Impressum"},"content":{"rendered":"\t\t<div data-elementor-type=\"wp-page\" data-elementor-id=\"922\" class=\"elementor elementor-922\" data-elementor-post-type=\"page\">\n\t\t\t\t\t\t<section class=\"elementor-section elementor-top-section elementor-element elementor-element-a1abe2d elementor-section-boxed elementor-section-height-default elementor-section-height-default\" data-id=\"a1abe2d\" data-element_type=\"section\" data-settings=\"{&quot;background_background&quot;:&quot;classic&quot;}\">\n\t\t\t\t\t\t\t<div class=\"elementor-background-overlay\"><\/div>\n\t\t\t\t\t\t\t<div class=\"elementor-container elementor-column-gap-default\">\n\t\t\t\t\t<div class=\"elementor-column elementor-col-100 elementor-top-column elementor-element elementor-element-4498bc4\" data-id=\"4498bc4\" data-element_type=\"column\">\n\t\t\t<div class=\"elementor-widget-wrap elementor-element-populated\">\n\t\t\t\t\t\t<div class=\"elementor-element elementor-element-45eac78 elementor-widget elementor-widget-spacer\" data-id=\"45eac78\" data-element_type=\"widget\" data-widget_type=\"spacer.default\">\n\t\t\t\t<div class=\"elementor-widget-container\">\n\t\t\t<style>\/*! elementor - v3.22.0 - 16-06-2024 *\/\n.elementor-column .elementor-spacer-inner{height:var(--spacer-size)}.e-con{--container-widget-width:100%}.e-con-inner>.elementor-widget-spacer,.e-con>.elementor-widget-spacer{width:var(--container-widget-width,var(--spacer-size));--align-self:var(--container-widget-align-self,initial);--flex-shrink:0}.e-con-inner>.elementor-widget-spacer>.elementor-widget-container,.e-con>.elementor-widget-spacer>.elementor-widget-container{height:100%;width:100%}.e-con-inner>.elementor-widget-spacer>.elementor-widget-container>.elementor-spacer,.e-con>.elementor-widget-spacer>.elementor-widget-container>.elementor-spacer{height:100%}.e-con-inner>.elementor-widget-spacer>.elementor-widget-container>.elementor-spacer>.elementor-spacer-inner,.e-con>.elementor-widget-spacer>.elementor-widget-container>.elementor-spacer>.elementor-spacer-inner{height:var(--container-widget-height,var(--spacer-size))}.e-con-inner>.elementor-widget-spacer.elementor-widget-empty,.e-con>.elementor-widget-spacer.elementor-widget-empty{position:relative;min-height:22px;min-width:22px}.e-con-inner>.elementor-widget-spacer.elementor-widget-empty .elementor-widget-empty-icon,.e-con>.elementor-widget-spacer.elementor-widget-empty .elementor-widget-empty-icon{position:absolute;top:0;bottom:0;left:0;right:0;margin:auto;padding:0;width:22px;height:22px}<\/style>\t\t<div class=\"elementor-spacer\">\n\t\t\t<div class=\"elementor-spacer-inner\"><\/div>\n\t\t<\/div>\n\t\t\t\t<\/div>\n\t\t\t\t<\/div>\n\t\t\t\t<section class=\"elementor-section elementor-inner-section elementor-element elementor-element-b805a48 elementor-section-boxed elementor-section-height-default elementor-section-height-default\" data-id=\"b805a48\" data-element_type=\"section\">\n\t\t\t\t\t\t<div class=\"elementor-container elementor-column-gap-default\">\n\t\t\t\t\t<div class=\"elementor-column elementor-col-50 elementor-inner-column elementor-element elementor-element-ebf2391\" data-id=\"ebf2391\" data-element_type=\"column\">\n\t\t\t<div class=\"elementor-widget-wrap\">\n\t\t\t\t\t\t\t<\/div>\n\t\t<\/div>\n\t\t\t\t<div class=\"elementor-column elementor-col-50 elementor-inner-column elementor-element elementor-element-f453aca\" data-id=\"f453aca\" data-element_type=\"column\">\n\t\t\t<div class=\"elementor-widget-wrap elementor-element-populated\">\n\t\t\t\t\t\t<div class=\"elementor-element elementor-element-d7bf42a elementor-widget elementor-widget-heading\" data-id=\"d7bf42a\" data-element_type=\"widget\" data-widget_type=\"heading.default\">\n\t\t\t\t<div class=\"elementor-widget-container\">\n\t\t\t<style>\/*! elementor - v3.22.0 - 16-06-2024 *\/\n.elementor-heading-title{padding:0;margin:0;line-height:1}.elementor-widget-heading .elementor-heading-title[class*=elementor-size-]>a{color:inherit;font-size:inherit;line-height:inherit}.elementor-widget-heading .elementor-heading-title.elementor-size-small{font-size:15px}.elementor-widget-heading .elementor-heading-title.elementor-size-medium{font-size:19px}.elementor-widget-heading .elementor-heading-title.elementor-size-large{font-size:29px}.elementor-widget-heading .elementor-heading-title.elementor-size-xl{font-size:39px}.elementor-widget-heading .elementor-heading-title.elementor-size-xxl{font-size:59px}<\/style><h2 class=\"elementor-heading-title elementor-size-default\">Impressum<\/h2>\t\t<\/div>\n\t\t\t\t<\/div>\n\t\t\t\t<div class=\"elementor-element elementor-element-edc98b7 elementor-widget elementor-widget-text-editor\" data-id=\"edc98b7\" data-element_type=\"widget\" data-widget_type=\"text-editor.default\">\n\t\t\t\t<div class=\"elementor-widget-container\">\n\t\t\t<style>\/*! elementor - v3.22.0 - 16-06-2024 *\/\n.elementor-widget-text-editor.elementor-drop-cap-view-stacked .elementor-drop-cap{background-color:#69727d;color:#fff}.elementor-widget-text-editor.elementor-drop-cap-view-framed .elementor-drop-cap{color:#69727d;border:3px solid;background-color:transparent}.elementor-widget-text-editor:not(.elementor-drop-cap-view-default) .elementor-drop-cap{margin-top:8px}.elementor-widget-text-editor:not(.elementor-drop-cap-view-default) .elementor-drop-cap-letter{width:1em;height:1em}.elementor-widget-text-editor .elementor-drop-cap{float:left;text-align:center;line-height:1;font-size:50px}.elementor-widget-text-editor .elementor-drop-cap-letter{display:inline-block}<\/style>\t\t\t\t<h4>Angaben gem\u00e4\u00df \u00a7 5 TMG:<\/h4>\n<p>ergo-safe | Inhaber Mark Oliver Sailer<br>Dienstleistungen rund um die Maschinenrichtlinie<br>take-off Gewerbepark (Haus 2)<br>78579 Neuhausen ob Eck<\/p>\n<h4>Kontakt:<\/h4>\n<p>Telefon: +49 (0)771 1628048-0<br>E-Mail: mark.sailer@ergo-safe.de<\/p>\n<h4>Umsatzsteuer-ID:<\/h4>\n<p>Umsatzsteuer-Identifikationsnummer gem\u00e4\u00df \u00a727 a Umsatzsteuergesetz:<br>DE210597467<\/p>\n<h4>Angaben zur Berufshaftpflichtversicherung:<\/h4>\n<p>Allianz Deutschland AG<br>K\u00f6niginstra\u00dfe 28<br>80802 M\u00fcnchen<\/p>\n<h4>Geltungsraum der Versicherung:<\/h4>\n<p>Deutschland<\/p>\n<h4>Verantwortlich f\u00fcr den Inhalt nach \u00a7 55 Abs. 2 RStV:<\/h4>\n<p>Mark Sailer<br>Villingerstrasse 105<br>78166 Donaueschingen<\/p>\n<h4>Hinweis auf EU-Streitschlichtung:<\/h4>\n<p>Alternative Streitbeilegung gem\u00e4\u00df Art. 14 Abs. 1 ODR-VO und \u00a7 36 VSBG:<\/p>\n<p>Die Europ\u00e4ische Kommission stellt eine Plattform zur Online-Streitbeilegung (OS) bereit, die Sie unter <a href=\"https:\/\/ec.europa.eu\/consumers\/odr\">https:\/\/ec.europa.eu\/consumers\/odr<\/a> finden. Zur Teilnahme an einem Streitbeilegungsverfahren vor einer Verbraucherschlichtungsstelle sind wir nicht verpflichtet und nicht bereit.<\/p>\n<p>Quelle: eRecht24<\/p>\t\t\t\t\t\t<\/div>\n\t\t\t\t<\/div>\n\t\t\t\t\t<\/div>\n\t\t<\/div>\n\t\t\t\t\t<\/div>\n\t\t<\/section>\n\t\t\t\t\t<\/div>\n\t\t<\/div>\n\t\t\t\t\t<\/div>\n\t\t<\/section>\n\t\t\t\t<\/div>\n\t\t","protected":false},"excerpt":{"rendered":"<p>Impressum Angaben gem\u00e4\u00df \u00a7 5 TMG: ergo-safe | Inhaber Mark Oliver SailerDienstleistungen rund um die Maschinenrichtlinietake-off Gewerbepark (Haus 2)78579 Neuhausen ob Eck Kontakt: Telefon: +49 (0)771 1628048-0E-Mail: mark.sailer@ergo-safe.de Umsatzsteuer-ID: Umsatzsteuer-Identifikationsnummer gem\u00e4\u00df \u00a727 a Umsatzsteuergesetz:DE210597467 Angaben zur Berufshaftpflichtversicherung: Allianz Deutschland AGK\u00f6niginstra\u00dfe 2880802 M\u00fcnchen Geltungsraum der Versicherung: Deutschland Verantwortlich f\u00fcr den Inhalt nach \u00a7 55 Abs. 2 [&hellip;]<\/p>\n","protected":false},"author":1,"featured_media":0,"parent":0,"menu_order":0,"comment_status":"closed","ping_status":"closed","template":"elementor_header_footer","meta":{"footnotes":""},"class_list":["post-922","page","type-page","status-publish","hentry"],"yoast_head":"<!-- This site is optimized with the Yoast SEO plugin v22.8 - https:\/\/yoast.com\/wordpress\/plugins\/seo\/ -->\n<title>Impressum - ergo-safe<\/title>\n<meta name=\"robots\" content=\"index, follow, max-snippet:-1, max-image-preview:large, max-video-preview:-1\" \/>\n<link rel=\"canonical\" href=\"https:\/\/ergo-safe.de\/de\/impressum\/\" \/>\n<meta property=\"og:locale\" content=\"de_DE\" \/>\n<meta property=\"og:type\" content=\"article\" \/>\n<meta property=\"og:title\" content=\"Impressum - ergo-safe\" \/>\n<meta property=\"og:description\" content=\"Impressum Angaben gem\u00e4\u00df \u00a7 5 TMG: ergo-safe | Inhaber Mark Oliver SailerDienstleistungen rund um die Maschinenrichtlinietake-off Gewerbepark (Haus 2)78579 Neuhausen ob Eck Kontakt: Telefon: +49 (0)771 1628048-0E-Mail: mark.sailer@ergo-safe.de Umsatzsteuer-ID: Umsatzsteuer-Identifikationsnummer gem\u00e4\u00df \u00a727 a Umsatzsteuergesetz:DE210597467 Angaben zur Berufshaftpflichtversicherung: Allianz Deutschland AGK\u00f6niginstra\u00dfe 2880802 M\u00fcnchen Geltungsraum der Versicherung: Deutschland Verantwortlich f\u00fcr den Inhalt nach \u00a7 55 Abs. 2 [&hellip;]\" \/>\n<meta property=\"og:url\" content=\"https:\/\/ergo-safe.de\/de\/impressum\/\" \/>\n<meta property=\"og:site_name\" content=\"ergo-safe\" \/>\n<meta property=\"article:modified_time\" content=\"2023-03-24T06:37:36+00:00\" \/>\n<meta name=\"twitter:card\" content=\"summary_large_image\" \/>\n<meta name=\"twitter:label1\" content=\"Gesch\u00e4tzte Lesezeit\" \/>\n\t<meta name=\"twitter:data1\" content=\"1\u00a0Minute\" \/>\n<script type=\"application\/ld+json\" class=\"yoast-schema-graph\">{\"@context\":\"https:\/\/schema.org\",\"@graph\":[{\"@type\":\"WebPage\",\"@id\":\"https:\/\/ergo-safe.de\/impressum\/\",\"url\":\"https:\/\/ergo-safe.de\/impressum\/\",\"name\":\"Impressum - ergo-safe\",\"isPartOf\":{\"@id\":\"http:\/\/ergo-safe.de\/de\/#website\"},\"datePublished\":\"2021-11-10T20:47:15+00:00\",\"dateModified\":\"2023-03-24T06:37:36+00:00\",\"breadcrumb\":{\"@id\":\"https:\/\/ergo-safe.de\/impressum\/#breadcrumb\"},\"inLanguage\":\"de\",\"potentialAction\":[{\"@type\":\"ReadAction\",\"target\":[\"https:\/\/ergo-safe.de\/impressum\/\"]}]},{\"@type\":\"BreadcrumbList\",\"@id\":\"https:\/\/ergo-safe.de\/impressum\/#breadcrumb\",\"itemListElement\":[{\"@type\":\"ListItem\",\"position\":1,\"name\":\"Startseite\",\"item\":\"https:\/\/ergo-safe.de\/de\/\"},{\"@type\":\"ListItem\",\"position\":2,\"name\":\"Impressum\"}]},{\"@type\":\"WebSite\",\"@id\":\"http:\/\/ergo-safe.de\/de\/#website\",\"url\":\"http:\/\/ergo-safe.de\/de\/\",\"name\":\"ergo-safe\",\"description\":\"SICHER SICHERE MASCHINEN BAUEN\",\"publisher\":{\"@id\":\"http:\/\/ergo-safe.de\/de\/#organization\"},\"potentialAction\":[{\"@type\":\"SearchAction\",\"target\":{\"@type\":\"EntryPoint\",\"urlTemplate\":\"http:\/\/ergo-safe.de\/de\/?s={search_term_string}\"},\"query-input\":\"required name=search_term_string\"}],\"inLanguage\":\"de\"},{\"@type\":\"Organization\",\"@id\":\"http:\/\/ergo-safe.de\/de\/#organization\",\"name\":\"ergo-safe\",\"url\":\"http:\/\/ergo-safe.de\/de\/\",\"logo\":{\"@type\":\"ImageObject\",\"inLanguage\":\"de\",\"@id\":\"http:\/\/ergo-safe.de\/de\/#\/schema\/logo\/image\/\",\"url\":\"https:\/\/ergo-safe.de\/wp-content\/uploads\/2021\/10\/cropped-logo.png\",\"contentUrl\":\"https:\/\/ergo-safe.de\/wp-content\/uploads\/2021\/10\/cropped-logo.png\",\"width\":419,\"height\":322,\"caption\":\"ergo-safe\"},\"image\":{\"@id\":\"http:\/\/ergo-safe.de\/de\/#\/schema\/logo\/image\/\"}}]}<\/script>\n<!-- \/ Yoast SEO plugin. -->","yoast_head_json":{"title":"Impressum - ergo-safe","robots":{"index":"index","follow":"follow","max-snippet":"max-snippet:-1","max-image-preview":"max-image-preview:large","max-video-preview":"max-video-preview:-1"},"canonical":"https:\/\/ergo-safe.de\/de\/impressum\/","og_locale":"de_DE","og_type":"article","og_title":"Impressum - ergo-safe","og_description":"Impressum Angaben gem\u00e4\u00df \u00a7 5 TMG: ergo-safe | Inhaber Mark Oliver SailerDienstleistungen rund um die Maschinenrichtlinietake-off Gewerbepark (Haus 2)78579 Neuhausen ob Eck Kontakt: Telefon: +49 (0)771 1628048-0E-Mail: mark.sailer@ergo-safe.de Umsatzsteuer-ID: Umsatzsteuer-Identifikationsnummer gem\u00e4\u00df \u00a727 a Umsatzsteuergesetz:DE210597467 Angaben zur Berufshaftpflichtversicherung: Allianz Deutschland AGK\u00f6niginstra\u00dfe 2880802 M\u00fcnchen Geltungsraum der Versicherung: Deutschland Verantwortlich f\u00fcr den Inhalt nach \u00a7 55 Abs. 2 [&hellip;]","og_url":"https:\/\/ergo-safe.de\/de\/impressum\/","og_site_name":"ergo-safe","article_modified_time":"2023-03-24T06:37:36+00:00","twitter_card":"summary_large_image","twitter_misc":{"Gesch\u00e4tzte Lesezeit":"1\u00a0Minute"},"schema":{"@context":"https:\/\/schema.org","@graph":[{"@type":"WebPage","@id":"https:\/\/ergo-safe.de\/impressum\/","url":"https:\/\/ergo-safe.de\/impressum\/","name":"Impressum - ergo-safe","isPartOf":{"@id":"http:\/\/ergo-safe.de\/de\/#website"},"datePublished":"2021-11-10T20:47:15+00:00","dateModified":"2023-03-24T06:37:36+00:00","breadcrumb":{"@id":"https:\/\/ergo-safe.de\/impressum\/#breadcrumb"},"inLanguage":"de","potentialAction":[{"@type":"ReadAction","target":["https:\/\/ergo-safe.de\/impressum\/"]}]},{"@type":"BreadcrumbList","@id":"https:\/\/ergo-safe.de\/impressum\/#breadcrumb","itemListElement":[{"@type":"ListItem","position":1,"name":"Startseite","item":"https:\/\/ergo-safe.de\/de\/"},{"@type":"ListItem","position":2,"name":"Impressum"}]},{"@type":"WebSite","@id":"http:\/\/ergo-safe.de\/de\/#website","url":"http:\/\/ergo-safe.de\/de\/","name":"ergo-safe","description":"SICHER SICHERE MASCHINEN BAUEN","publisher":{"@id":"http:\/\/ergo-safe.de\/de\/#organization"},"potentialAction":[{"@type":"SearchAction","target":{"@type":"EntryPoint","urlTemplate":"http:\/\/ergo-safe.de\/de\/?s={search_term_string}"},"query-input":"required name=search_term_string"}],"inLanguage":"de"},{"@type":"Organization","@id":"http:\/\/ergo-safe.de\/de\/#organization","name":"ergo-safe","url":"http:\/\/ergo-safe.de\/de\/","logo":{"@type":"ImageObject","inLanguage":"de","@id":"http:\/\/ergo-safe.de\/de\/#\/schema\/logo\/image\/","url":"https:\/\/ergo-safe.de\/wp-content\/uploads\/2021\/10\/cropped-logo.png","contentUrl":"https:\/\/ergo-safe.de\/wp-content\/uploads\/2021\/10\/cropped-logo.png","width":419,"height":322,"caption":"ergo-safe"},"image":{"@id":"http:\/\/ergo-safe.de\/de\/#\/schema\/logo\/image\/"}}]}},"_links":{"self":[{"href":"https:\/\/ergo-safe.de\/de\/wp-json\/wp\/v2\/pages\/922","targetHints":{"allow":["GET"]}}],"collection":[{"href":"https:\/\/ergo-safe.de\/de\/wp-json\/wp\/v2\/pages"}],"about":[{"href":"https:\/\/ergo-safe.de\/de\/wp-json\/wp\/v2\/types\/page"}],"author":[{"embeddable":true,"href":"https:\/\/ergo-safe.de\/de\/wp-json\/wp\/v2\/users\/1"}],"replies":[{"embeddable":true,"href":"https:\/\/ergo-safe.de\/de\/wp-json\/wp\/v2\/comments?post=922"}],"version-history":[{"count":29,"href":"https:\/\/ergo-safe.de\/de\/wp-json\/wp\/v2\/pages\/922\/revisions"}],"predecessor-version":[{"id":1755,"href":"https:\/\/ergo-safe.de\/de\/wp-json\/wp\/v2\/pages\/922\/revisions\/1755"}],"wp:attachment":[{"href":"https:\/\/ergo-safe.de\/de\/wp-json\/wp\/v2\/media?parent=922"}],"curies":[{"name":"wp","href":"https:\/\/api.w.org\/{rel}","templated":true}]}}